{"id":10785,"date":"2024-04-02T14:25:26","date_gmt":"2024-04-02T12:25:26","guid":{"rendered":"https:\/\/sissayciatramitesmigratorios.com\/?page_id=10785"},"modified":"2024-07-25T15:45:03","modified_gmt":"2024-07-25T13:45:03","slug":"aruba","status":"publish","type":"page","link":"https:\/\/sissayciatramitesmigratorios.com\/index.php\/aruba\/","title":{"rendered":"Tr\u00e1mites Migratorios"},"content":{"rendered":"\t\t<div data-elementor-type=\"wp-page\" data-elementor-id=\"10785\" class=\"elementor elementor-10785\">\n\t\t\t\t<div class=\"elementor-element elementor-element-f51097b e-flex e-con-boxed e-con e-parent\" data-id=\"f51097b\" data-element_type=\"container\" data-settings=\"{&quot;background_background&quot;:&quot;classic&quot;}\" data-core-v316-plus=\"true\">\n\t\t\t\t\t<div class=\"e-con-inner\">\n\t\t<div class=\"elementor-element elementor-element-f3cb5ed e-con-full e-flex e-con e-child\" data-id=\"f3cb5ed\" data-element_type=\"container\">\n\t\t\t\t<div class=\"elementor-element elementor-element-fdba450 titulo elementor-widget elementor-widget-hub_fancy_heading\" data-id=\"fdba450\" data-element_type=\"widget\" data-widget_type=\"hub_fancy_heading.default\">\n\t\t\t\t<div class=\"elementor-widget-container\">\n\t\t\t\n\t\t<div id=\"ld-fancy-heading-69e36bc7f0599\" class=\"ld-fancy-heading pos-rel\">\n\t\t\t<h1 class=\"ld-fh-element d-inline-block pos-rel  elementor-heading-title h1\"  > Facilita tus Tr\u00e1mites Migratorios con Nosotros\n\n<\/h1>\t\t<\/div>\n\n\t\t\t\t<\/div>\n\t\t\t\t<\/div>\n\t\t\t\t<div class=\"elementor-element elementor-element-c335f5d elementor-widget elementor-widget-text-editor\" data-id=\"c335f5d\" data-element_type=\"widget\" data-widget_type=\"text-editor.default\">\n\t\t\t\t<div class=\"elementor-widget-container\">\n\t\t\t<style>\/*! elementor - v3.20.0 - 20-03-2024 *\/\n.elementor-widget-text-editor.elementor-drop-cap-view-stacked .elementor-drop-cap{background-color:#69727d;color:#fff}.elementor-widget-text-editor.elementor-drop-cap-view-framed .elementor-drop-cap{color:#69727d;border:3px solid;background-color:transparent}.elementor-widget-text-editor:not(.elementor-drop-cap-view-default) .elementor-drop-cap{margin-top:8px}.elementor-widget-text-editor:not(.elementor-drop-cap-view-default) .elementor-drop-cap-letter{width:1em;height:1em}.elementor-widget-text-editor .elementor-drop-cap{float:left;text-align:center;line-height:1;font-size:50px}.elementor-widget-text-editor .elementor-drop-cap-letter{display:inline-block}<\/style>\t\t\t\t<p>Representando tanto a peque\u00f1as o grandes empresas, as\u00ed como a individuos que atraviesan el procedimiento migratorio mexicano en cada una de sus etapas. Nuestra meta es cumplir con nuestro lema \u201chacer f\u00e1cil el derecho migratorio\u201d. Con nuestro equipo de expertos, cada paso del proceso es claro, eficiente y adaptado a las necesidades espec\u00edficas de los colaboradores extranjeros y sus familias<\/p>\t\t\t\t\t\t<\/div>\n\t\t\t\t<\/div>\n\t\t\t\t<\/div>\n\t\t\t\t\t<\/div>\n\t\t\t\t<\/div>\n\t\t<div class=\"elementor-element elementor-element-f2ba595 e-flex e-con-boxed e-con e-parent\" data-id=\"f2ba595\" data-element_type=\"container\" data-core-v316-plus=\"true\">\n\t\t\t\t\t<div class=\"e-con-inner\">\n\t\t<div class=\"elementor-element elementor-element-b5da8c4 e-con-full e-flex e-con e-child\" data-id=\"b5da8c4\" data-element_type=\"container\">\n\t\t\t\t<div class=\"elementor-element elementor-element-7578ad3 titulo elementor-widget elementor-widget-hub_fancy_heading\" data-id=\"7578ad3\" data-element_type=\"widget\" data-widget_type=\"hub_fancy_heading.default\">\n\t\t\t\t<div class=\"elementor-widget-container\">\n\t\t\t\n\t\t<div id=\"ld-fancy-heading-69e36bc7f21eb\" class=\"ld-fancy-heading pos-rel\">\n\t\t\t<h1 class=\"ld-fh-element d-inline-block pos-rel  elementor-heading-title h1\"  > Nuestro Enfoque<\/h1>\t\t<\/div>\n\n\t\t\t\t<\/div>\n\t\t\t\t<\/div>\n\t\t\t\t<div class=\"elementor-element elementor-element-babe4d1 elementor-widget elementor-widget-text-editor\" data-id=\"babe4d1\" data-element_type=\"widget\" data-widget_type=\"text-editor.default\">\n\t\t\t\t<div class=\"elementor-widget-container\">\n\t\t\t\t\t\t\t<p>Nuestros especialistas analizan las necesidades de cada cliente para dise\u00f1ar estrategias personalizadas y \u00fanicas. Entendemos que cada caso es diferente, y por eso nos adaptamos a las circunstancias para brindar soluciones efectivas.<\/p>\t\t\t\t\t\t<\/div>\n\t\t\t\t<\/div>\n\t\t\t\t<\/div>\n\t\t<div class=\"elementor-element elementor-element-2c510cd e-con-full e-flex e-con e-child\" data-id=\"2c510cd\" data-element_type=\"container\">\n\t\t\t\t<div class=\"elementor-element elementor-element-f1fe454 titulo elementor-widget elementor-widget-hub_fancy_heading\" data-id=\"f1fe454\" data-element_type=\"widget\" data-widget_type=\"hub_fancy_heading.default\">\n\t\t\t\t<div class=\"elementor-widget-container\">\n\t\t\t\n\t\t<div id=\"ld-fancy-heading-69e36bc7f32b2\" class=\"ld-fancy-heading pos-rel\">\n\t\t\t<h1 class=\"ld-fh-element d-inline-block pos-rel  elementor-heading-title h1\"  > Nuestra Propuesta<\/h1>\t\t<\/div>\n\n\t\t\t\t<\/div>\n\t\t\t\t<\/div>\n\t\t\t\t<div class=\"elementor-element elementor-element-da692ea elementor-widget elementor-widget-text-editor\" data-id=\"da692ea\" data-element_type=\"widget\" data-widget_type=\"text-editor.default\">\n\t\t\t\t<div class=\"elementor-widget-container\">\n\t\t\t\t\t\t\t<p>Nos hemos especializado en temas en materia migratoria. Nos distinguimos por ofrecer asesor\u00eda inicial gratuita a personas f\u00edsicas y morales, asegurando que cada cliente reciba la orientaci\u00f3n adecuada desde el principio.<\/p>\t\t\t\t\t\t<\/div>\n\t\t\t\t<\/div>\n\t\t\t\t<\/div>\n\t\t<div class=\"elementor-element elementor-element-d607289 e-con-full e-flex e-con e-child\" data-id=\"d607289\" data-element_type=\"container\">\n\t\t\t\t<div class=\"elementor-element elementor-element-f60d352 titulo elementor-widget elementor-widget-hub_fancy_heading\" data-id=\"f60d352\" data-element_type=\"widget\" data-widget_type=\"hub_fancy_heading.default\">\n\t\t\t\t<div class=\"elementor-widget-container\">\n\t\t\t\n\t\t<div id=\"ld-fancy-heading-69e36bc8000de\" class=\"ld-fancy-heading pos-rel\">\n\t\t\t<h1 class=\"ld-fh-element d-inline-block pos-rel  elementor-heading-title h1\"  > Nuestra misi\u00f3n<\/h1>\t\t<\/div>\n\n\t\t\t\t<\/div>\n\t\t\t\t<\/div>\n\t\t\t\t<div class=\"elementor-element elementor-element-3c8cb0e elementor-widget elementor-widget-text-editor\" data-id=\"3c8cb0e\" data-element_type=\"widget\" data-widget_type=\"text-editor.default\">\n\t\t\t\t<div class=\"elementor-widget-container\">\n\t\t\t\t\t\t\t<p>Nuestra misi\u00f3n es atender a nuestros clientes enfoc\u00e1ndonos en la excelencia, la responsabilidad y la actitud de servicio; para brindar soluciones y satisfacer sus requerimientos basados en la integraci\u00f3n de un equipo de colaboradores altamente calificados.<\/p>\t\t\t\t\t\t<\/div>\n\t\t\t\t<\/div>\n\t\t\t\t<\/div>\n\t\t\t\t\t<\/div>\n\t\t\t\t<\/div>\n\t\t<div class=\"elementor-element elementor-element-df9b50e e-flex e-con-boxed e-con e-parent\" data-id=\"df9b50e\" data-element_type=\"container\" data-settings=\"{&quot;background_background&quot;:&quot;classic&quot;}\" data-core-v316-plus=\"true\">\n\t\t\t\t\t<div class=\"e-con-inner\">\n\t\t<div class=\"elementor-element elementor-element-1f985a5 e-flex e-con-boxed e-con e-child\" data-id=\"1f985a5\" data-element_type=\"container\">\n\t\t\t\t\t<div class=\"e-con-inner\">\n\t\t\t\t<div class=\"elementor-element elementor-element-491caf1 elementor-widget__width-initial titulo elementor-widget elementor-widget-hub_fancy_heading\" data-id=\"491caf1\" data-element_type=\"widget\" data-widget_type=\"hub_fancy_heading.default\">\n\t\t\t\t<div class=\"elementor-widget-container\">\n\t\t\t\n\t\t<div id=\"ld-fancy-heading-69e36bc801891\" class=\"ld-fancy-heading pos-rel\">\n\t\t\t\t\t<\/div>\n\n\t\t\t\t<\/div>\n\t\t\t\t<\/div>\n\t\t\t\t<div class=\"elementor-element elementor-element-d749b70 elementor-widget elementor-widget-hub_fancy_heading\" data-id=\"d749b70\" data-element_type=\"widget\" data-widget_type=\"hub_fancy_heading.default\">\n\t\t\t\t<div class=\"elementor-widget-container\">\n\t\t\t\n\t\t<div id=\"ld-fancy-heading-69e36bc801eda\" class=\"ld-fancy-heading pos-rel\">\n\t\t\t<h1 class=\"ld-fh-element d-inline-block pos-rel  elementor-heading-title h1\"  > OBT\u00e9N UNA Asesor\u00eda<\/h1>\t\t<\/div>\n\n\t\t\t\t<\/div>\n\t\t\t\t<\/div>\n\t\t\t\t\t<\/div>\n\t\t\t\t<\/div>\n\t\t<div class=\"elementor-element elementor-element-e90a8ee e-flex e-con-boxed e-con e-child\" data-id=\"e90a8ee\" data-element_type=\"container\">\n\t\t\t\t\t<div class=\"e-con-inner\">\n\t\t<div class=\"elementor-element elementor-element-0c17ba6 e-flex e-con-boxed e-con e-child\" data-id=\"0c17ba6\" data-element_type=\"container\">\n\t\t\t\t\t<div class=\"e-con-inner\">\n\t\t<div class=\"elementor-element elementor-element-0f9c75d e-flex e-con-boxed e-con e-child\" data-id=\"0f9c75d\" data-element_type=\"container\" data-settings=\"{&quot;background_background&quot;:&quot;classic&quot;}\">\n\t\t\t\t\t<div class=\"e-con-inner\">\n\t\t\t\t<div class=\"elementor-element elementor-element-3016b26 elementor-widget elementor-widget-heading\" data-id=\"3016b26\" data-element_type=\"widget\" data-widget_type=\"heading.default\">\n\t\t\t\t<div class=\"elementor-widget-container\">\n\t\t\t<style>\/*! elementor - v3.20.0 - 20-03-2024 *\/\n.elementor-heading-title{padding:0;margin:0;line-height:1}.elementor-widget-heading .elementor-heading-title[class*=elementor-size-]>a{color:inherit;font-size:inherit;line-height:inherit}.elementor-widget-heading .elementor-heading-title.elementor-size-small{font-size:15px}.elementor-widget-heading .elementor-heading-title.elementor-size-medium{font-size:19px}.elementor-widget-heading .elementor-heading-title.elementor-size-large{font-size:29px}.elementor-widget-heading .elementor-heading-title.elementor-size-xl{font-size:39px}.elementor-widget-heading .elementor-heading-title.elementor-size-xxl{font-size:59px}<\/style><h2 class=\"elementor-heading-title elementor-size-default\">Contacto<\/h2>\t\t<\/div>\n\t\t\t\t<\/div>\n\t\t\t\t<div class=\"elementor-element elementor-element-af61df2 elementor-position-left elementor-vertical-align-bottom elementor-view-default elementor-mobile-position-top elementor-widget elementor-widget-icon-box\" data-id=\"af61df2\" data-element_type=\"widget\" data-widget_type=\"icon-box.default\">\n\t\t\t\t<div class=\"elementor-widget-container\">\n\t\t\t<link rel=\"stylesheet\" href=\"https:\/\/sissayciatramitesmigratorios.com\/wp-content\/uploads\/elementor\/css\/custom-widget-icon-box.min.css?ver=1723766398\">\t\t<div class=\"elementor-icon-box-wrapper\">\n\t\t\t\t\t\t<div class=\"elementor-icon-box-icon\">\n\t\t\t\t<span  class=\"elementor-icon elementor-animation-\">\n\t\t\t\t<svg aria-hidden=\"true\" class=\"e-font-icon-svg e-fas-map-marker-alt\" viewBox=\"0 0 384 512\" xmlns=\"http:\/\/www.w3.org\/2000\/svg\"><path d=\"M172.268 501.67C26.97 291.031 0 269.413 0 192 0 85.961 85.961 0 192 0s192 85.961 192 192c0 77.413-26.97 99.031-172.268 309.67-9.535 13.774-29.93 13.773-39.464 0zM192 272c44.183 0 80-35.817 80-80s-35.817-80-80-80-80 35.817-80 80 35.817 80 80 80z\"><\/path><\/svg>\t\t\t\t<\/span>\n\t\t\t<\/div>\n\t\t\t\t\t\t<div class=\"elementor-icon-box-content\">\n\t\t\t\t<h3 class=\"elementor-icon-box-title\">\n\t\t\t\t\t<span  >\n\t\t\t\t\t\t\t\t\t\t\t<\/span>\n\t\t\t\t<\/h3>\n\t\t\t\t\t\t\t\t\t<p class=\"elementor-icon-box-description\">\n\t\t\t\t\t\tRio Hudson #25 piso 4 \t\t\t\t\t<\/p>\n\t\t\t\t\t\t\t<\/div>\n\t\t<\/div>\n\t\t\t\t<\/div>\n\t\t\t\t<\/div>\n\t\t\t\t<div class=\"elementor-element elementor-element-778e97d elementor-position-left elementor-vertical-align-bottom elementor-view-default elementor-mobile-position-top elementor-widget elementor-widget-icon-box\" data-id=\"778e97d\" data-element_type=\"widget\" data-widget_type=\"icon-box.default\">\n\t\t\t\t<div class=\"elementor-widget-container\">\n\t\t\t\t\t<div class=\"elementor-icon-box-wrapper\">\n\t\t\t\t\t\t<div class=\"elementor-icon-box-icon\">\n\t\t\t\t<span  class=\"elementor-icon elementor-animation-\">\n\t\t\t\t<svg aria-hidden=\"true\" class=\"e-font-icon-svg e-fas-phone-alt\" viewBox=\"0 0 512 512\" xmlns=\"http:\/\/www.w3.org\/2000\/svg\"><path d=\"M497.39 361.8l-112-48a24 24 0 0 0-28 6.9l-49.6 60.6A370.66 370.66 0 0 1 130.6 204.11l60.6-49.6a23.94 23.94 0 0 0 6.9-28l-48-112A24.16 24.16 0 0 0 122.6.61l-104 24A24 24 0 0 0 0 48c0 256.5 207.9 464 464 464a24 24 0 0 0 23.4-18.6l24-104a24.29 24.29 0 0 0-14.01-27.6z\"><\/path><\/svg>\t\t\t\t<\/span>\n\t\t\t<\/div>\n\t\t\t\t\t\t<div class=\"elementor-icon-box-content\">\n\t\t\t\t<h3 class=\"elementor-icon-box-title\">\n\t\t\t\t\t<span  >\n\t\t\t\t\t\t\t\t\t\t\t<\/span>\n\t\t\t\t<\/h3>\n\t\t\t\t\t\t\t\t\t<p class=\"elementor-icon-box-description\">\n\t\t\t\t\t\t55 9558 7043\t\t\t\t\t<\/p>\n\t\t\t\t\t\t\t<\/div>\n\t\t<\/div>\n\t\t\t\t<\/div>\n\t\t\t\t<\/div>\n\t\t\t\t<div class=\"elementor-element elementor-element-8ca322a elementor-position-left elementor-vertical-align-bottom elementor-view-default elementor-mobile-position-top elementor-widget elementor-widget-icon-box\" data-id=\"8ca322a\" data-element_type=\"widget\" data-widget_type=\"icon-box.default\">\n\t\t\t\t<div class=\"elementor-widget-container\">\n\t\t\t\t\t<div class=\"elementor-icon-box-wrapper\">\n\t\t\t\t\t\t<div class=\"elementor-icon-box-icon\">\n\t\t\t\t<span  class=\"elementor-icon elementor-animation-\">\n\t\t\t\t<svg aria-hidden=\"true\" class=\"e-font-icon-svg e-fas-mail-bulk\" viewBox=\"0 0 576 512\" xmlns=\"http:\/\/www.w3.org\/2000\/svg\"><path d=\"M160 448c-25.6 0-51.2-22.4-64-32-64-44.8-83.2-60.8-96-70.4V480c0 17.67 14.33 32 32 32h256c17.67 0 32-14.33 32-32V345.6c-12.8 9.6-32 25.6-96 70.4-12.8 9.6-38.4 32-64 32zm128-192H32c-17.67 0-32 14.33-32 32v16c25.6 19.2 22.4 19.2 115.2 86.4 9.6 6.4 28.8 25.6 44.8 25.6s35.2-19.2 44.8-22.4c92.8-67.2 89.6-67.2 115.2-86.4V288c0-17.67-14.33-32-32-32zm256-96H224c-17.67 0-32 14.33-32 32v32h96c33.21 0 60.59 25.42 63.71 57.82l.29-.22V416h192c17.67 0 32-14.33 32-32V192c0-17.67-14.33-32-32-32zm-32 128h-64v-64h64v64zm-352-96c0-35.29 28.71-64 64-64h224V32c0-17.67-14.33-32-32-32H96C78.33 0 64 14.33 64 32v192h96v-32z\"><\/path><\/svg>\t\t\t\t<\/span>\n\t\t\t<\/div>\n\t\t\t\t\t\t<div class=\"elementor-icon-box-content\">\n\t\t\t\t<h3 class=\"elementor-icon-box-title\">\n\t\t\t\t\t<span  >\n\t\t\t\t\t\t\t\t\t\t\t<\/span>\n\t\t\t\t<\/h3>\n\t\t\t\t\t\t\t\t\t<p class=\"elementor-icon-box-description\">\n\t\t\t\t\t\t<a href=\"mailto:info@sissayciaconsultoria.com\" style=\"color:#ad0016;\">info@sissayciaconsultoria.com<\/a>\t\t\t\t\t<\/p>\n\t\t\t\t\t\t\t<\/div>\n\t\t<\/div>\n\t\t\t\t<\/div>\n\t\t\t\t<\/div>\n\t\t\t\t\t<\/div>\n\t\t\t\t<\/div>\n\t\t\t\t\t<\/div>\n\t\t\t\t<\/div>\n\t\t<div class=\"elementor-element elementor-element-b9c3ac8 e-flex e-con-boxed e-con e-child\" data-id=\"b9c3ac8\" data-element_type=\"container\">\n\t\t\t\t\t<div class=\"e-con-inner\">\n\t\t\t\t<div class=\"elementor-element elementor-element-f6976f8 elementor-widget elementor-widget-ld_cf722\" data-id=\"f6976f8\" data-element_type=\"widget\" data-widget_type=\"ld_cf722.default\">\n\t\t\t\t<div class=\"elementor-widget-container\">\n\t\t\t\n\t<div class=\"lqd-contact-form  lqd-contact-form-inputs-border-thick       \">\n\t\t\n<div class=\"wpcf7 no-js\" id=\"wpcf7-f8-o1\" lang=\"es-ES\" dir=\"ltr\" data-wpcf7-id=\"8\">\n<div class=\"screen-reader-response\"><p role=\"status\" aria-live=\"polite\" aria-atomic=\"true\"><\/p> <ul><\/ul><\/div>\n<form action=\"\/index.php\/wp-json\/wp\/v2\/pages\/10785#wpcf7-f8-o1\" method=\"post\" class=\"wpcf7-form init\" aria-label=\"Formulario de contacto\" novalidate=\"novalidate\" data-status=\"init\">\n<div style=\"display: none;\">\n<input type=\"hidden\" name=\"_wpcf7\" value=\"8\" \/>\n<input type=\"hidden\" name=\"_wpcf7_version\" value=\"6.0\" \/>\n<input type=\"hidden\" name=\"_wpcf7_locale\" value=\"es_ES\" \/>\n<input type=\"hidden\" name=\"_wpcf7_unit_tag\" value=\"wpcf7-f8-o1\" \/>\n<input type=\"hidden\" name=\"_wpcf7_container_post\" value=\"0\" \/>\n<input type=\"hidden\" name=\"_wpcf7_posted_data_hash\" value=\"\" \/>\n<\/div>\n<p>Tu correo electr\u00f3nico<br \/>\n<label> <span class=\"wpcf7-form-control-wrap\" data-name=\"your-email\"><input size=\"40\" maxlength=\"400\" class=\"wpcf7-form-control wpcf7-email wpcf7-validates-as-required wpcf7-text wpcf7-validates-as-email\" autocomplete=\"email\" aria-required=\"true\" aria-invalid=\"false\" value=\"\" type=\"email\" name=\"your-email\" \/><\/span> <\/label>\n<\/p>\n<p>Tu nombre<br \/>\n<label> <span class=\"wpcf7-form-control-wrap\" data-name=\"your-name\"><input size=\"40\" maxlength=\"400\" class=\"wpcf7-form-control wpcf7-text wpcf7-validates-as-required\" autocomplete=\"name\" aria-required=\"true\" aria-invalid=\"false\" value=\"\" type=\"text\" name=\"your-name\" \/><\/span> <\/label>\n<\/p>\n<p>Empresa<br \/>\n<label> <span class=\"wpcf7-form-control-wrap\" data-name=\"your-subject\"><input size=\"40\" maxlength=\"400\" class=\"wpcf7-form-control wpcf7-text wpcf7-validates-as-required\" aria-required=\"true\" aria-invalid=\"false\" value=\"\" type=\"text\" name=\"your-subject\" \/><\/span> <\/label>\n<\/p>\n<p>Tu mensaje<br \/>\n<label> <span class=\"wpcf7-form-control-wrap\" data-name=\"your-message\"><textarea cols=\"40\" rows=\"10\" maxlength=\"2000\" class=\"wpcf7-form-control wpcf7-textarea\" aria-invalid=\"false\" name=\"your-message\"><\/textarea><\/span> <\/label>\n<\/p>\n<p>Tel\u00e9fono o Celular<br \/>\n<label> <span class=\"wpcf7-form-control-wrap\" data-name=\"tel-396\"><input size=\"40\" maxlength=\"400\" class=\"wpcf7-form-control wpcf7-tel wpcf7-text wpcf7-validates-as-tel\" aria-invalid=\"false\" value=\"\" type=\"tel\" name=\"tel-396\" \/><\/span> <\/label>\n<\/p>\n<p><input class=\"wpcf7-form-control wpcf7-submit has-spinner\" type=\"submit\" value=\"Enviar\" \/>\n<\/p><div class=\"wpcf7-response-output\" aria-hidden=\"true\"><\/div>\n<\/form>\n<\/div>\n\t<\/div>\n\n\t\t\t<\/div>\n\t\t\t\t<\/div>\n\t\t\t\t\t<\/div>\n\t\t\t\t<\/div>\n\t\t\t\t\t<\/div>\n\t\t\t\t<\/div>\n\t\t\t\t\t<\/div>\n\t\t\t\t<\/div>\n\t\t\t\t<\/div>\n\t\t","protected":false},"excerpt":{"rendered":"<p>Facilita tus Tr\u00e1mites Migratorios con Nosotros Representando tanto a peque\u00f1as o grandes empresas, as\u00ed como a individuos que atraviesan el procedimiento migratorio mexicano en cada una de sus etapas. Nuestra meta es cumplir con nuestro lema \u201chacer f\u00e1cil el derecho migratorio\u201d. Con nuestro equipo de expertos, cada paso del proceso es claro, eficiente y adaptado [&hellip;]<\/p>\n","protected":false},"author":1,"featured_media":0,"parent":0,"menu_order":0,"comment_status":"closed","ping_status":"closed","template":"","meta":{"footnotes":""},"class_list":["post-10785","page","type-page","status-publish","hentry"],"yoast_head":"<!-- This site is optimized with the Yoast SEO plugin v23.8 - https:\/\/yoast.com\/wordpress\/plugins\/seo\/ -->\n<title>Tr\u00e1mites Migratorios - SISSA y CIA<\/title>\n<meta name=\"robots\" content=\"index, follow, max-snippet:-1, max-image-preview:large, max-video-preview:-1\" \/>\n<link rel=\"canonical\" href=\"https:\/\/sissayciatramitesmigratorios.com\/index.php\/aruba\/\" \/>\n<meta property=\"og:locale\" content=\"es_MX\" \/>\n<meta property=\"og:type\" content=\"article\" \/>\n<meta property=\"og:title\" content=\"Tr\u00e1mites Migratorios - SISSA y CIA\" \/>\n<meta property=\"og:description\" content=\"Facilita tus Tr\u00e1mites Migratorios con Nosotros Representando tanto a peque\u00f1as o grandes empresas, as\u00ed como a individuos que atraviesan el procedimiento migratorio mexicano en cada una de sus etapas. Nuestra meta es cumplir con nuestro lema \u201chacer f\u00e1cil el derecho migratorio\u201d. Con nuestro equipo de expertos, cada paso del proceso es claro, eficiente y adaptado [&hellip;]\" \/>\n<meta property=\"og:url\" content=\"https:\/\/sissayciatramitesmigratorios.com\/index.php\/aruba\/\" \/>\n<meta property=\"og:site_name\" content=\"SISSA y CIA\" \/>\n<meta property=\"article:modified_time\" content=\"2024-07-25T13:45:03+00:00\" \/>\n<meta name=\"twitter:card\" content=\"summary_large_image\" \/>\n<meta name=\"twitter:label1\" content=\"Tiempo de lectura\" \/>\n\t<meta name=\"twitter:data1\" content=\"1 minuto\" \/>\n<script type=\"application\/ld+json\" class=\"yoast-schema-graph\">{\"@context\":\"https:\/\/schema.org\",\"@graph\":[{\"@type\":\"WebPage\",\"@id\":\"https:\/\/sissayciatramitesmigratorios.com\/index.php\/aruba\/\",\"url\":\"https:\/\/sissayciatramitesmigratorios.com\/index.php\/aruba\/\",\"name\":\"Tr\u00e1mites Migratorios - SISSA y CIA\",\"isPartOf\":{\"@id\":\"https:\/\/sissayciatramitesmigratorios.com\/#website\"},\"datePublished\":\"2024-04-02T12:25:26+00:00\",\"dateModified\":\"2024-07-25T13:45:03+00:00\",\"breadcrumb\":{\"@id\":\"https:\/\/sissayciatramitesmigratorios.com\/index.php\/aruba\/#breadcrumb\"},\"inLanguage\":\"es\",\"potentialAction\":[{\"@type\":\"ReadAction\",\"target\":[\"https:\/\/sissayciatramitesmigratorios.com\/index.php\/aruba\/\"]}]},{\"@type\":\"BreadcrumbList\",\"@id\":\"https:\/\/sissayciatramitesmigratorios.com\/index.php\/aruba\/#breadcrumb\",\"itemListElement\":[{\"@type\":\"ListItem\",\"position\":1,\"name\":\"Inicio\",\"item\":\"https:\/\/sissayciatramitesmigratorios.com\/\"},{\"@type\":\"ListItem\",\"position\":2,\"name\":\"Tr\u00e1mites Migratorios\"}]},{\"@type\":\"WebSite\",\"@id\":\"https:\/\/sissayciatramitesmigratorios.com\/#website\",\"url\":\"https:\/\/sissayciatramitesmigratorios.com\/\",\"name\":\"SISSA y CIA\",\"description\":\"SISSA Y CIA\",\"potentialAction\":[{\"@type\":\"SearchAction\",\"target\":{\"@type\":\"EntryPoint\",\"urlTemplate\":\"https:\/\/sissayciatramitesmigratorios.com\/?s={search_term_string}\"},\"query-input\":{\"@type\":\"PropertyValueSpecification\",\"valueRequired\":true,\"valueName\":\"search_term_string\"}}],\"inLanguage\":\"es\"}]}<\/script>\n<!-- \/ Yoast SEO plugin. -->","yoast_head_json":{"title":"Tr\u00e1mites Migratorios - SISSA y CIA","robots":{"index":"index","follow":"follow","max-snippet":"max-snippet:-1","max-image-preview":"max-image-preview:large","max-video-preview":"max-video-preview:-1"},"canonical":"https:\/\/sissayciatramitesmigratorios.com\/index.php\/aruba\/","og_locale":"es_MX","og_type":"article","og_title":"Tr\u00e1mites Migratorios - SISSA y CIA","og_description":"Facilita tus Tr\u00e1mites Migratorios con Nosotros Representando tanto a peque\u00f1as o grandes empresas, as\u00ed como a individuos que atraviesan el procedimiento migratorio mexicano en cada una de sus etapas. Nuestra meta es cumplir con nuestro lema \u201chacer f\u00e1cil el derecho migratorio\u201d. Con nuestro equipo de expertos, cada paso del proceso es claro, eficiente y adaptado [&hellip;]","og_url":"https:\/\/sissayciatramitesmigratorios.com\/index.php\/aruba\/","og_site_name":"SISSA y CIA","article_modified_time":"2024-07-25T13:45:03+00:00","twitter_card":"summary_large_image","twitter_misc":{"Tiempo de lectura":"1 minuto"},"schema":{"@context":"https:\/\/schema.org","@graph":[{"@type":"WebPage","@id":"https:\/\/sissayciatramitesmigratorios.com\/index.php\/aruba\/","url":"https:\/\/sissayciatramitesmigratorios.com\/index.php\/aruba\/","name":"Tr\u00e1mites Migratorios - SISSA y CIA","isPartOf":{"@id":"https:\/\/sissayciatramitesmigratorios.com\/#website"},"datePublished":"2024-04-02T12:25:26+00:00","dateModified":"2024-07-25T13:45:03+00:00","breadcrumb":{"@id":"https:\/\/sissayciatramitesmigratorios.com\/index.php\/aruba\/#breadcrumb"},"inLanguage":"es","potentialAction":[{"@type":"ReadAction","target":["https:\/\/sissayciatramitesmigratorios.com\/index.php\/aruba\/"]}]},{"@type":"BreadcrumbList","@id":"https:\/\/sissayciatramitesmigratorios.com\/index.php\/aruba\/#breadcrumb","itemListElement":[{"@type":"ListItem","position":1,"name":"Inicio","item":"https:\/\/sissayciatramitesmigratorios.com\/"},{"@type":"ListItem","position":2,"name":"Tr\u00e1mites Migratorios"}]},{"@type":"WebSite","@id":"https:\/\/sissayciatramitesmigratorios.com\/#website","url":"https:\/\/sissayciatramitesmigratorios.com\/","name":"SISSA y CIA","description":"SISSA Y CIA","potentialAction":[{"@type":"SearchAction","target":{"@type":"EntryPoint","urlTemplate":"https:\/\/sissayciatramitesmigratorios.com\/?s={search_term_string}"},"query-input":{"@type":"PropertyValueSpecification","valueRequired":true,"valueName":"search_term_string"}}],"inLanguage":"es"}]}},"_links":{"self":[{"href":"https:\/\/sissayciatramitesmigratorios.com\/index.php\/wp-json\/wp\/v2\/pages\/10785","targetHints":{"allow":["GET"]}}],"collection":[{"href":"https:\/\/sissayciatramitesmigratorios.com\/index.php\/wp-json\/wp\/v2\/pages"}],"about":[{"href":"https:\/\/sissayciatramitesmigratorios.com\/index.php\/wp-json\/wp\/v2\/types\/page"}],"author":[{"embeddable":true,"href":"https:\/\/sissayciatramitesmigratorios.com\/index.php\/wp-json\/wp\/v2\/users\/1"}],"replies":[{"embeddable":true,"href":"https:\/\/sissayciatramitesmigratorios.com\/index.php\/wp-json\/wp\/v2\/comments?post=10785"}],"version-history":[{"count":235,"href":"https:\/\/sissayciatramitesmigratorios.com\/index.php\/wp-json\/wp\/v2\/pages\/10785\/revisions"}],"predecessor-version":[{"id":11739,"href":"https:\/\/sissayciatramitesmigratorios.com\/index.php\/wp-json\/wp\/v2\/pages\/10785\/revisions\/11739"}],"wp:attachment":[{"href":"https:\/\/sissayciatramitesmigratorios.com\/index.php\/wp-json\/wp\/v2\/media?parent=10785"}],"curies":[{"name":"wp","href":"https:\/\/api.w.org\/{rel}","templated":true}]}}