{"id":10734,"date":"2024-04-01T16:14:06","date_gmt":"2024-04-01T14:14:06","guid":{"rendered":"https:\/\/sissayciatramitesmigratorios.com\/?page_id=10734"},"modified":"2024-11-13T23:50:13","modified_gmt":"2024-11-13T22:50:13","slug":"contacto","status":"publish","type":"page","link":"https:\/\/sissayciatramitesmigratorios.com\/index.php\/contacto\/","title":{"rendered":"Contacto"},"content":{"rendered":"\t\t<div data-elementor-type=\"wp-page\" data-elementor-id=\"10734\" class=\"elementor elementor-10734\">\n\t\t\t\t<div class=\"elementor-element elementor-element-5b3ae29 e-flex e-con-boxed e-con e-parent\" data-id=\"5b3ae29\" data-element_type=\"container\" data-core-v316-plus=\"true\">\n\t\t\t\t\t<div class=\"e-con-inner\">\n\t\t<div class=\"elementor-element elementor-element-c81e164 e-con-full e-flex e-con e-child\" data-id=\"c81e164\" data-element_type=\"container\">\n\t\t\t\t<div class=\"elementor-element elementor-element-feecb97 elementor-widget elementor-widget-html\" data-id=\"feecb97\" data-element_type=\"widget\" data-widget_type=\"html.default\">\n\t\t\t\t<div class=\"elementor-widget-container\">\n\t\t\t<iframe src=\"https:\/\/www.google.com\/maps\/embed?pb=!1m14!1m8!1m3!1d15049.521311472443!2d-99.2025539!3d19.4391624!3m2!1i1024!2i768!4f13.1!3m3!1m2!1s0x85d2021ade6aaaab%3A0xe1a9e79bb0da4f7b!2sData%20Converged%20Solutions!5e0!3m2!1ses-419!2smx!4v1711980937412!5m2!1ses-419!2smx\" width=\"600\" height=\"340\" style=\"border:0;\" allowfullscreen=\"\" loading=\"lazy\" referrerpolicy=\"no-referrer-when-downgrade\"><\/iframe>\t\t<\/div>\n\t\t\t\t<\/div>\n\t\t\t\t<\/div>\n\t\t<div class=\"elementor-element elementor-element-5bb0ea8 e-con-full e-flex e-con e-child\" data-id=\"5bb0ea8\" data-element_type=\"container\">\n\t\t\t\t<div class=\"elementor-element elementor-element-cbcdb50 elementor-widget elementor-widget-image\" data-id=\"cbcdb50\" data-element_type=\"widget\" data-widget_type=\"image.default\">\n\t\t\t\t<div class=\"elementor-widget-container\">\n\t\t\t<style>\/*! elementor - v3.20.0 - 20-03-2024 *\/\n.elementor-widget-image{text-align:center}.elementor-widget-image a{display:inline-block}.elementor-widget-image a img[src$=\".svg\"]{width:48px}.elementor-widget-image img{vertical-align:middle;display:inline-block}<\/style>\t\t\t\t\t\t\t\t\t\t<img fetchpriority=\"high\" decoding=\"async\" width=\"500\" height=\"470\" src=\"https:\/\/sissayciatramitesmigratorios.com\/wp-content\/uploads\/2024\/04\/2013_ANTARA_CORP_I_PRINT_PHOTO_by_Paul_Rivera_01_website_chica-500x470-1.jpg\" class=\"attachment-large size-large wp-image-10736\" alt=\"\" srcset=\"https:\/\/sissayciatramitesmigratorios.com\/wp-content\/uploads\/2024\/04\/2013_ANTARA_CORP_I_PRINT_PHOTO_by_Paul_Rivera_01_website_chica-500x470-1.jpg 500w, https:\/\/sissayciatramitesmigratorios.com\/wp-content\/uploads\/2024\/04\/2013_ANTARA_CORP_I_PRINT_PHOTO_by_Paul_Rivera_01_website_chica-500x470-1-300x282.jpg 300w\" sizes=\"(max-width: 500px) 100vw, 500px\" \/>\t\t\t\t\t\t\t\t\t\t\t\t\t<\/div>\n\t\t\t\t<\/div>\n\t\t\t\t<\/div>\n\t\t\t\t\t<\/div>\n\t\t\t\t<\/div>\n\t\t<div class=\"elementor-element elementor-element-99767a0 e-flex e-con-boxed e-con e-parent\" data-id=\"99767a0\" data-element_type=\"container\" data-settings=\"{&quot;background_background&quot;:&quot;classic&quot;}\" data-core-v316-plus=\"true\">\n\t\t\t\t\t<div class=\"e-con-inner\">\n\t\t<div class=\"elementor-element elementor-element-0e00510 e-flex e-con-boxed e-con e-child\" data-id=\"0e00510\" data-element_type=\"container\">\n\t\t\t\t\t<div class=\"e-con-inner\">\n\t\t\t\t<div class=\"elementor-element elementor-element-9f31c81 elementor-widget__width-initial titulo elementor-widget elementor-widget-hub_fancy_heading\" data-id=\"9f31c81\" data-element_type=\"widget\" data-widget_type=\"hub_fancy_heading.default\">\n\t\t\t\t<div class=\"elementor-widget-container\">\n\t\t\t\n\t\t<div id=\"ld-fancy-heading-69e381c27d294\" class=\"ld-fancy-heading pos-rel\">\n\t\t\t\t\t<\/div>\n\n\t\t\t\t<\/div>\n\t\t\t\t<\/div>\n\t\t\t\t<div class=\"elementor-element elementor-element-4d7991b elementor-widget elementor-widget-hub_fancy_heading\" data-id=\"4d7991b\" data-element_type=\"widget\" data-widget_type=\"hub_fancy_heading.default\">\n\t\t\t\t<div class=\"elementor-widget-container\">\n\t\t\t\n\t\t<div id=\"ld-fancy-heading-69e381c27d808\" class=\"ld-fancy-heading pos-rel\">\n\t\t\t<h1 class=\"ld-fh-element d-inline-block pos-rel  elementor-heading-title h1\"  > OBT\u00e9N UNA Asesor\u00eda GRATIS<\/h1>\t\t<\/div>\n\n\t\t\t\t<\/div>\n\t\t\t\t<\/div>\n\t\t\t\t\t<\/div>\n\t\t\t\t<\/div>\n\t\t<div class=\"elementor-element elementor-element-3357cdc e-flex e-con-boxed e-con e-child\" data-id=\"3357cdc\" data-element_type=\"container\">\n\t\t\t\t\t<div class=\"e-con-inner\">\n\t\t<div class=\"elementor-element elementor-element-981d3fc e-flex e-con-boxed e-con e-child\" data-id=\"981d3fc\" data-element_type=\"container\">\n\t\t\t\t\t<div class=\"e-con-inner\">\n\t\t<div class=\"elementor-element elementor-element-c89682c e-flex e-con-boxed e-con e-child\" data-id=\"c89682c\" data-element_type=\"container\" data-settings=\"{&quot;background_background&quot;:&quot;classic&quot;}\">\n\t\t\t\t\t<div class=\"e-con-inner\">\n\t\t\t\t<div class=\"elementor-element elementor-element-b71963c elementor-widget elementor-widget-heading\" data-id=\"b71963c\" data-element_type=\"widget\" data-widget_type=\"heading.default\">\n\t\t\t\t<div class=\"elementor-widget-container\">\n\t\t\t<style>\/*! elementor - v3.20.0 - 20-03-2024 *\/\n.elementor-heading-title{padding:0;margin:0;line-height:1}.elementor-widget-heading .elementor-heading-title[class*=elementor-size-]>a{color:inherit;font-size:inherit;line-height:inherit}.elementor-widget-heading .elementor-heading-title.elementor-size-small{font-size:15px}.elementor-widget-heading .elementor-heading-title.elementor-size-medium{font-size:19px}.elementor-widget-heading .elementor-heading-title.elementor-size-large{font-size:29px}.elementor-widget-heading .elementor-heading-title.elementor-size-xl{font-size:39px}.elementor-widget-heading .elementor-heading-title.elementor-size-xxl{font-size:59px}<\/style><h2 class=\"elementor-heading-title elementor-size-default\">Contacto<\/h2>\t\t<\/div>\n\t\t\t\t<\/div>\n\t\t\t\t<div class=\"elementor-element elementor-element-9866d9c elementor-position-left elementor-vertical-align-bottom elementor-view-default elementor-mobile-position-top elementor-widget elementor-widget-icon-box\" data-id=\"9866d9c\" data-element_type=\"widget\" data-widget_type=\"icon-box.default\">\n\t\t\t\t<div class=\"elementor-widget-container\">\n\t\t\t<link rel=\"stylesheet\" href=\"https:\/\/sissayciatramitesmigratorios.com\/wp-content\/uploads\/elementor\/css\/custom-widget-icon-box.min.css?ver=1723766398\">\t\t<div class=\"elementor-icon-box-wrapper\">\n\t\t\t\t\t\t<div class=\"elementor-icon-box-icon\">\n\t\t\t\t<span  class=\"elementor-icon elementor-animation-\">\n\t\t\t\t<svg aria-hidden=\"true\" class=\"e-font-icon-svg e-fas-map-marker-alt\" viewBox=\"0 0 384 512\" xmlns=\"http:\/\/www.w3.org\/2000\/svg\"><path d=\"M172.268 501.67C26.97 291.031 0 269.413 0 192 0 85.961 85.961 0 192 0s192 85.961 192 192c0 77.413-26.97 99.031-172.268 309.67-9.535 13.774-29.93 13.773-39.464 0zM192 272c44.183 0 80-35.817 80-80s-35.817-80-80-80-80 35.817-80 80 35.817 80 80 80z\"><\/path><\/svg>\t\t\t\t<\/span>\n\t\t\t<\/div>\n\t\t\t\t\t\t<div class=\"elementor-icon-box-content\">\n\t\t\t\t<h3 class=\"elementor-icon-box-title\">\n\t\t\t\t\t<span  >\n\t\t\t\t\t\t\t\t\t\t\t<\/span>\n\t\t\t\t<\/h3>\n\t\t\t\t\t\t\t\t\t<p class=\"elementor-icon-box-description\">\n\t\t\t\t\t\tCorporativo 1\t\t\t\t\t<\/p>\n\t\t\t\t\t\t\t<\/div>\n\t\t<\/div>\n\t\t\t\t<\/div>\n\t\t\t\t<\/div>\n\t\t\t\t<div class=\"elementor-element elementor-element-9734a17 elementor-position-left elementor-vertical-align-bottom elementor-view-default elementor-mobile-position-top elementor-widget elementor-widget-icon-box\" data-id=\"9734a17\" data-element_type=\"widget\" data-widget_type=\"icon-box.default\">\n\t\t\t\t<div class=\"elementor-widget-container\">\n\t\t\t\t\t<div class=\"elementor-icon-box-wrapper\">\n\t\t\t\t\t\t<div class=\"elementor-icon-box-icon\">\n\t\t\t\t<span  class=\"elementor-icon elementor-animation-\">\n\t\t\t\t<svg aria-hidden=\"true\" class=\"e-font-icon-svg e-fas-phone-alt\" viewBox=\"0 0 512 512\" xmlns=\"http:\/\/www.w3.org\/2000\/svg\"><path d=\"M497.39 361.8l-112-48a24 24 0 0 0-28 6.9l-49.6 60.6A370.66 370.66 0 0 1 130.6 204.11l60.6-49.6a23.94 23.94 0 0 0 6.9-28l-48-112A24.16 24.16 0 0 0 122.6.61l-104 24A24 24 0 0 0 0 48c0 256.5 207.9 464 464 464a24 24 0 0 0 23.4-18.6l24-104a24.29 24.29 0 0 0-14.01-27.6z\"><\/path><\/svg>\t\t\t\t<\/span>\n\t\t\t<\/div>\n\t\t\t\t\t\t<div class=\"elementor-icon-box-content\">\n\t\t\t\t<h3 class=\"elementor-icon-box-title\">\n\t\t\t\t\t<span  >\n\t\t\t\t\t\t\t\t\t\t\t<\/span>\n\t\t\t\t<\/h3>\n\t\t\t\t\t\t\t\t\t<p class=\"elementor-icon-box-description\">\n\t\t\t\t\t\t(55) 8000 1735\n\t\t\t\t\t<\/p>\n\t\t\t\t\t\t\t<\/div>\n\t\t<\/div>\n\t\t\t\t<\/div>\n\t\t\t\t<\/div>\n\t\t\t\t<div class=\"elementor-element elementor-element-1530ac3 elementor-position-left elementor-vertical-align-bottom elementor-view-default elementor-mobile-position-top elementor-widget elementor-widget-icon-box\" data-id=\"1530ac3\" data-element_type=\"widget\" data-widget_type=\"icon-box.default\">\n\t\t\t\t<div class=\"elementor-widget-container\">\n\t\t\t\t\t<div class=\"elementor-icon-box-wrapper\">\n\t\t\t\t\t\t<div class=\"elementor-icon-box-icon\">\n\t\t\t\t<span  class=\"elementor-icon elementor-animation-\">\n\t\t\t\t<svg aria-hidden=\"true\" class=\"e-font-icon-svg e-fas-mail-bulk\" viewBox=\"0 0 576 512\" xmlns=\"http:\/\/www.w3.org\/2000\/svg\"><path d=\"M160 448c-25.6 0-51.2-22.4-64-32-64-44.8-83.2-60.8-96-70.4V480c0 17.67 14.33 32 32 32h256c17.67 0 32-14.33 32-32V345.6c-12.8 9.6-32 25.6-96 70.4-12.8 9.6-38.4 32-64 32zm128-192H32c-17.67 0-32 14.33-32 32v16c25.6 19.2 22.4 19.2 115.2 86.4 9.6 6.4 28.8 25.6 44.8 25.6s35.2-19.2 44.8-22.4c92.8-67.2 89.6-67.2 115.2-86.4V288c0-17.67-14.33-32-32-32zm256-96H224c-17.67 0-32 14.33-32 32v32h96c33.21 0 60.59 25.42 63.71 57.82l.29-.22V416h192c17.67 0 32-14.33 32-32V192c0-17.67-14.33-32-32-32zm-32 128h-64v-64h64v64zm-352-96c0-35.29 28.71-64 64-64h224V32c0-17.67-14.33-32-32-32H96C78.33 0 64 14.33 64 32v192h96v-32z\"><\/path><\/svg>\t\t\t\t<\/span>\n\t\t\t<\/div>\n\t\t\t\t\t\t<div class=\"elementor-icon-box-content\">\n\t\t\t\t<h3 class=\"elementor-icon-box-title\">\n\t\t\t\t\t<span  >\n\t\t\t\t\t\t\t\t\t\t\t<\/span>\n\t\t\t\t<\/h3>\n\t\t\t\t\t\t\t\t\t<p class=\"elementor-icon-box-description\">\n\t\t\t\t\t\t<a href=mailto:info@sissayciatramitesmigratorios.com\" style=\"color:#ad0016;\">info@sissayciatramitesmigratorios.com<\/a>\t\t\t\t\t<\/p>\n\t\t\t\t\t\t\t<\/div>\n\t\t<\/div>\n\t\t\t\t<\/div>\n\t\t\t\t<\/div>\n\t\t\t\t\t<\/div>\n\t\t\t\t<\/div>\n\t\t\t\t\t<\/div>\n\t\t\t\t<\/div>\n\t\t<div class=\"elementor-element elementor-element-f08c96e e-flex e-con-boxed e-con e-child\" data-id=\"f08c96e\" data-element_type=\"container\">\n\t\t\t\t\t<div class=\"e-con-inner\">\n\t\t\t\t<div class=\"elementor-element elementor-element-38cc9fb elementor-widget elementor-widget-ld_cf722\" data-id=\"38cc9fb\" data-element_type=\"widget\" data-widget_type=\"ld_cf722.default\">\n\t\t\t\t<div class=\"elementor-widget-container\">\n\t\t\t\n\t<div class=\"lqd-contact-form  lqd-contact-form-inputs-border-thick       \">\n\t\t\n<div class=\"wpcf7 no-js\" id=\"wpcf7-f8-o1\" lang=\"es-ES\" dir=\"ltr\" data-wpcf7-id=\"8\">\n<div class=\"screen-reader-response\"><p role=\"status\" aria-live=\"polite\" aria-atomic=\"true\"><\/p> <ul><\/ul><\/div>\n<form action=\"\/index.php\/wp-json\/wp\/v2\/pages\/10734#wpcf7-f8-o1\" method=\"post\" class=\"wpcf7-form init\" aria-label=\"Formulario de contacto\" novalidate=\"novalidate\" data-status=\"init\">\n<div style=\"display: none;\">\n<input type=\"hidden\" name=\"_wpcf7\" value=\"8\" \/>\n<input type=\"hidden\" name=\"_wpcf7_version\" value=\"6.0\" \/>\n<input type=\"hidden\" name=\"_wpcf7_locale\" value=\"es_ES\" \/>\n<input type=\"hidden\" name=\"_wpcf7_unit_tag\" value=\"wpcf7-f8-o1\" \/>\n<input type=\"hidden\" name=\"_wpcf7_container_post\" value=\"0\" \/>\n<input type=\"hidden\" name=\"_wpcf7_posted_data_hash\" value=\"\" \/>\n<\/div>\n<p>Tu correo electr\u00f3nico<br \/>\n<label> <span class=\"wpcf7-form-control-wrap\" data-name=\"your-email\"><input size=\"40\" maxlength=\"400\" class=\"wpcf7-form-control wpcf7-email wpcf7-validates-as-required wpcf7-text wpcf7-validates-as-email\" autocomplete=\"email\" aria-required=\"true\" aria-invalid=\"false\" value=\"\" type=\"email\" name=\"your-email\" \/><\/span> <\/label>\n<\/p>\n<p>Tu nombre<br \/>\n<label> <span class=\"wpcf7-form-control-wrap\" data-name=\"your-name\"><input size=\"40\" maxlength=\"400\" class=\"wpcf7-form-control wpcf7-text wpcf7-validates-as-required\" autocomplete=\"name\" aria-required=\"true\" aria-invalid=\"false\" value=\"\" type=\"text\" name=\"your-name\" \/><\/span> <\/label>\n<\/p>\n<p>Empresa<br \/>\n<label> <span class=\"wpcf7-form-control-wrap\" data-name=\"your-subject\"><input size=\"40\" maxlength=\"400\" class=\"wpcf7-form-control wpcf7-text wpcf7-validates-as-required\" aria-required=\"true\" aria-invalid=\"false\" value=\"\" type=\"text\" name=\"your-subject\" \/><\/span> <\/label>\n<\/p>\n<p>Tu mensaje<br \/>\n<label> <span class=\"wpcf7-form-control-wrap\" data-name=\"your-message\"><textarea cols=\"40\" rows=\"10\" maxlength=\"2000\" class=\"wpcf7-form-control wpcf7-textarea\" aria-invalid=\"false\" name=\"your-message\"><\/textarea><\/span> <\/label>\n<\/p>\n<p>Tel\u00e9fono o Celular<br \/>\n<label> <span class=\"wpcf7-form-control-wrap\" data-name=\"tel-396\"><input size=\"40\" maxlength=\"400\" class=\"wpcf7-form-control wpcf7-tel wpcf7-text wpcf7-validates-as-tel\" aria-invalid=\"false\" value=\"\" type=\"tel\" name=\"tel-396\" \/><\/span> <\/label>\n<\/p>\n<p><input class=\"wpcf7-form-control wpcf7-submit has-spinner\" type=\"submit\" value=\"Enviar\" \/>\n<\/p><div class=\"wpcf7-response-output\" aria-hidden=\"true\"><\/div>\n<\/form>\n<\/div>\n\t<\/div>\n\n\t\t\t<\/div>\n\t\t\t\t<\/div>\n\t\t\t\t\t<\/div>\n\t\t\t\t<\/div>\n\t\t\t\t\t<\/div>\n\t\t\t\t<\/div>\n\t\t\t\t\t<\/div>\n\t\t\t\t<\/div>\n\t\t\t\t<\/div>\n\t\t","protected":false},"excerpt":{"rendered":"<p>OBT\u00e9N UNA Asesor\u00eda GRATIS Contacto Corporativo 1 (55) 8000 1735<\/p>\n","protected":false},"author":1,"featured_media":11613,"parent":0,"menu_order":0,"comment_status":"closed","ping_status":"closed","template":"","meta":{"footnotes":""},"class_list":["post-10734","page","type-page","status-publish","has-post-thumbnail","hentry"],"yoast_head":"<!-- This site is optimized with the Yoast SEO plugin v23.8 - https:\/\/yoast.com\/wordpress\/plugins\/seo\/ -->\n<title>Contacto - SISSA y CIA<\/title>\n<meta name=\"description\" content=\"Nos especializamos en ofrecer asesor\u00eda y gesti\u00f3n integral de tr\u00e1mites migratorios, brind\u00e1ndote apoyo personalizado para resolver todas tus necesidades legales y administrativas relacionadas con visas, permisos y residencia.\" \/>\n<meta name=\"robots\" content=\"index, follow, max-snippet:-1, max-image-preview:large, max-video-preview:-1\" \/>\n<link rel=\"canonical\" href=\"https:\/\/sissayciatramitesmigratorios.com\/index.php\/contacto\/\" \/>\n<meta property=\"og:locale\" content=\"es_MX\" \/>\n<meta property=\"og:type\" content=\"article\" \/>\n<meta property=\"og:title\" content=\"Contacto - SISSA y CIA\" \/>\n<meta property=\"og:description\" content=\"Nos especializamos en ofrecer asesor\u00eda y gesti\u00f3n integral de tr\u00e1mites migratorios, brind\u00e1ndote apoyo personalizado para resolver todas tus necesidades legales y administrativas relacionadas con visas, permisos y residencia.\" \/>\n<meta property=\"og:url\" content=\"https:\/\/sissayciatramitesmigratorios.com\/index.php\/contacto\/\" \/>\n<meta property=\"og:site_name\" content=\"SISSA y CIA\" \/>\n<meta property=\"article:modified_time\" content=\"2024-11-13T22:50:13+00:00\" \/>\n<meta property=\"og:image\" content=\"https:\/\/sissayciatramitesmigratorios.com\/wp-content\/uploads\/2021\/08\/cropped-image1.png\" \/>\n\t<meta property=\"og:image:width\" content=\"512\" \/>\n\t<meta property=\"og:image:height\" content=\"512\" \/>\n\t<meta property=\"og:image:type\" content=\"image\/png\" \/>\n<meta name=\"twitter:card\" content=\"summary_large_image\" \/>\n<meta name=\"twitter:label1\" content=\"Tiempo de lectura\" \/>\n\t<meta name=\"twitter:data1\" content=\"1 minuto\" \/>\n<script type=\"application\/ld+json\" class=\"yoast-schema-graph\">{\"@context\":\"https:\/\/schema.org\",\"@graph\":[{\"@type\":\"WebPage\",\"@id\":\"https:\/\/sissayciatramitesmigratorios.com\/index.php\/contacto\/\",\"url\":\"https:\/\/sissayciatramitesmigratorios.com\/index.php\/contacto\/\",\"name\":\"Contacto - SISSA y CIA\",\"isPartOf\":{\"@id\":\"https:\/\/sissayciatramitesmigratorios.com\/#website\"},\"primaryImageOfPage\":{\"@id\":\"https:\/\/sissayciatramitesmigratorios.com\/index.php\/contacto\/#primaryimage\"},\"image\":{\"@id\":\"https:\/\/sissayciatramitesmigratorios.com\/index.php\/contacto\/#primaryimage\"},\"thumbnailUrl\":\"https:\/\/sissayciatramitesmigratorios.com\/wp-content\/uploads\/2021\/08\/cropped-image1.png\",\"datePublished\":\"2024-04-01T14:14:06+00:00\",\"dateModified\":\"2024-11-13T22:50:13+00:00\",\"description\":\"Nos especializamos en ofrecer asesor\u00eda y gesti\u00f3n integral de tr\u00e1mites migratorios, brind\u00e1ndote apoyo personalizado para resolver todas tus necesidades legales y administrativas relacionadas con visas, permisos y residencia.\",\"breadcrumb\":{\"@id\":\"https:\/\/sissayciatramitesmigratorios.com\/index.php\/contacto\/#breadcrumb\"},\"inLanguage\":\"es\",\"potentialAction\":[{\"@type\":\"ReadAction\",\"target\":[\"https:\/\/sissayciatramitesmigratorios.com\/index.php\/contacto\/\"]}]},{\"@type\":\"ImageObject\",\"inLanguage\":\"es\",\"@id\":\"https:\/\/sissayciatramitesmigratorios.com\/index.php\/contacto\/#primaryimage\",\"url\":\"https:\/\/sissayciatramitesmigratorios.com\/wp-content\/uploads\/2021\/08\/cropped-image1.png\",\"contentUrl\":\"https:\/\/sissayciatramitesmigratorios.com\/wp-content\/uploads\/2021\/08\/cropped-image1.png\",\"width\":512,\"height\":512},{\"@type\":\"BreadcrumbList\",\"@id\":\"https:\/\/sissayciatramitesmigratorios.com\/index.php\/contacto\/#breadcrumb\",\"itemListElement\":[{\"@type\":\"ListItem\",\"position\":1,\"name\":\"Inicio\",\"item\":\"https:\/\/sissayciatramitesmigratorios.com\/\"},{\"@type\":\"ListItem\",\"position\":2,\"name\":\"Contacto\"}]},{\"@type\":\"WebSite\",\"@id\":\"https:\/\/sissayciatramitesmigratorios.com\/#website\",\"url\":\"https:\/\/sissayciatramitesmigratorios.com\/\",\"name\":\"SISSA y CIA\",\"description\":\"SISSA Y CIA\",\"potentialAction\":[{\"@type\":\"SearchAction\",\"target\":{\"@type\":\"EntryPoint\",\"urlTemplate\":\"https:\/\/sissayciatramitesmigratorios.com\/?s={search_term_string}\"},\"query-input\":{\"@type\":\"PropertyValueSpecification\",\"valueRequired\":true,\"valueName\":\"search_term_string\"}}],\"inLanguage\":\"es\"}]}<\/script>\n<!-- \/ Yoast SEO plugin. -->","yoast_head_json":{"title":"Contacto - SISSA y CIA","description":"Nos especializamos en ofrecer asesor\u00eda y gesti\u00f3n integral de tr\u00e1mites migratorios, brind\u00e1ndote apoyo personalizado para resolver todas tus necesidades legales y administrativas relacionadas con visas, permisos y residencia.","robots":{"index":"index","follow":"follow","max-snippet":"max-snippet:-1","max-image-preview":"max-image-preview:large","max-video-preview":"max-video-preview:-1"},"canonical":"https:\/\/sissayciatramitesmigratorios.com\/index.php\/contacto\/","og_locale":"es_MX","og_type":"article","og_title":"Contacto - SISSA y CIA","og_description":"Nos especializamos en ofrecer asesor\u00eda y gesti\u00f3n integral de tr\u00e1mites migratorios, brind\u00e1ndote apoyo personalizado para resolver todas tus necesidades legales y administrativas relacionadas con visas, permisos y residencia.","og_url":"https:\/\/sissayciatramitesmigratorios.com\/index.php\/contacto\/","og_site_name":"SISSA y CIA","article_modified_time":"2024-11-13T22:50:13+00:00","og_image":[{"width":512,"height":512,"url":"https:\/\/sissayciatramitesmigratorios.com\/wp-content\/uploads\/2021\/08\/cropped-image1.png","type":"image\/png"}],"twitter_card":"summary_large_image","twitter_misc":{"Tiempo de lectura":"1 minuto"},"schema":{"@context":"https:\/\/schema.org","@graph":[{"@type":"WebPage","@id":"https:\/\/sissayciatramitesmigratorios.com\/index.php\/contacto\/","url":"https:\/\/sissayciatramitesmigratorios.com\/index.php\/contacto\/","name":"Contacto - SISSA y CIA","isPartOf":{"@id":"https:\/\/sissayciatramitesmigratorios.com\/#website"},"primaryImageOfPage":{"@id":"https:\/\/sissayciatramitesmigratorios.com\/index.php\/contacto\/#primaryimage"},"image":{"@id":"https:\/\/sissayciatramitesmigratorios.com\/index.php\/contacto\/#primaryimage"},"thumbnailUrl":"https:\/\/sissayciatramitesmigratorios.com\/wp-content\/uploads\/2021\/08\/cropped-image1.png","datePublished":"2024-04-01T14:14:06+00:00","dateModified":"2024-11-13T22:50:13+00:00","description":"Nos especializamos en ofrecer asesor\u00eda y gesti\u00f3n integral de tr\u00e1mites migratorios, brind\u00e1ndote apoyo personalizado para resolver todas tus necesidades legales y administrativas relacionadas con visas, permisos y residencia.","breadcrumb":{"@id":"https:\/\/sissayciatramitesmigratorios.com\/index.php\/contacto\/#breadcrumb"},"inLanguage":"es","potentialAction":[{"@type":"ReadAction","target":["https:\/\/sissayciatramitesmigratorios.com\/index.php\/contacto\/"]}]},{"@type":"ImageObject","inLanguage":"es","@id":"https:\/\/sissayciatramitesmigratorios.com\/index.php\/contacto\/#primaryimage","url":"https:\/\/sissayciatramitesmigratorios.com\/wp-content\/uploads\/2021\/08\/cropped-image1.png","contentUrl":"https:\/\/sissayciatramitesmigratorios.com\/wp-content\/uploads\/2021\/08\/cropped-image1.png","width":512,"height":512},{"@type":"BreadcrumbList","@id":"https:\/\/sissayciatramitesmigratorios.com\/index.php\/contacto\/#breadcrumb","itemListElement":[{"@type":"ListItem","position":1,"name":"Inicio","item":"https:\/\/sissayciatramitesmigratorios.com\/"},{"@type":"ListItem","position":2,"name":"Contacto"}]},{"@type":"WebSite","@id":"https:\/\/sissayciatramitesmigratorios.com\/#website","url":"https:\/\/sissayciatramitesmigratorios.com\/","name":"SISSA y CIA","description":"SISSA Y CIA","potentialAction":[{"@type":"SearchAction","target":{"@type":"EntryPoint","urlTemplate":"https:\/\/sissayciatramitesmigratorios.com\/?s={search_term_string}"},"query-input":{"@type":"PropertyValueSpecification","valueRequired":true,"valueName":"search_term_string"}}],"inLanguage":"es"}]}},"_links":{"self":[{"href":"https:\/\/sissayciatramitesmigratorios.com\/index.php\/wp-json\/wp\/v2\/pages\/10734","targetHints":{"allow":["GET"]}}],"collection":[{"href":"https:\/\/sissayciatramitesmigratorios.com\/index.php\/wp-json\/wp\/v2\/pages"}],"about":[{"href":"https:\/\/sissayciatramitesmigratorios.com\/index.php\/wp-json\/wp\/v2\/types\/page"}],"author":[{"embeddable":true,"href":"https:\/\/sissayciatramitesmigratorios.com\/index.php\/wp-json\/wp\/v2\/users\/1"}],"replies":[{"embeddable":true,"href":"https:\/\/sissayciatramitesmigratorios.com\/index.php\/wp-json\/wp\/v2\/comments?post=10734"}],"version-history":[{"count":10,"href":"https:\/\/sissayciatramitesmigratorios.com\/index.php\/wp-json\/wp\/v2\/pages\/10734\/revisions"}],"predecessor-version":[{"id":11604,"href":"https:\/\/sissayciatramitesmigratorios.com\/index.php\/wp-json\/wp\/v2\/pages\/10734\/revisions\/11604"}],"wp:featuredmedia":[{"embeddable":true,"href":"https:\/\/sissayciatramitesmigratorios.com\/index.php\/wp-json\/wp\/v2\/media\/11613"}],"wp:attachment":[{"href":"https:\/\/sissayciatramitesmigratorios.com\/index.php\/wp-json\/wp\/v2\/media?parent=10734"}],"curies":[{"name":"wp","href":"https:\/\/api.w.org\/{rel}","templated":true}]}}